


{"id":6669,"date":"2024-05-06T09:20:26","date_gmt":"2024-05-06T08:20:26","guid":{"rendered":"https:\/\/updated.omnivor.hr\/?page_id=6669"},"modified":"2024-07-23T10:00:11","modified_gmt":"2024-07-23T09:00:11","slug":"o-nama","status":"publish","type":"page","link":"https:\/\/omnivor.hr\/en\/o-nama\/","title":{"rendered":"O nama"},"content":{"rendered":"<p>Od osnutka 2012. godine bavimo se pru\u017eanjem vrhunskih IT i multimedijalnih interaktivnih rje\u0161enja koja osvajaju pa\u017enju i stvaraju trajne dojmove. Na\u0161a paleta usluga obuhva\u0107a sve, od inovativnog projektiranja i sistemske integracije do pouzdanog odr\u017eavanja i korisni\u010dke podr\u0161ke. Nudimo i prodaju i najam najnovije opreme te razvoj softverskih rje\u0161enja prilago\u0111enih va\u0161im specifi\u010dnim potrebama.<\/p>\n\n\n\n<p>Na\u0161 fokus je na kreiranju interaktivnih sustava koji odu\u0161evljavaju, bilo da se radi o turisti\u010dkim informacijskim sustavima, digitalnim displejima ili drugim uzbudljivim multimedijalnim projektima.<\/p>\n\n\n\n<p>Vodimo va\u0161e projekte s potpunom odgovorno\u0161\u0107u, pa\u017eljivo planiraju\u0107i i organiziraju\u0107i sve faze od po\u010detka do kraja. Klju\u010dne aktivnosti uklju\u010duju definiranje jasnih ciljeva projekta, izradu i pra\u0107enje detaljnih rasporeda, u\u010dinkovito upravljanje resursima i bud\u017eetom te koordinaciju timova kako bi se osigurala najvi\u0161a kvaliteta i pravovremenost isporuke. Tako\u0111er smo posve\u0107eni otvorenoj komunikaciji sa svim zainteresiranim stranama, proaktivnom rje\u0161avanju problema i upravljanju rizicima kako bi va\u0161 projekt bio uspje\u0161no realiziran i ispunio sve postavljene zahtjeve i ciljeve.<br><\/p>","protected":false},"excerpt":{"rendered":"<p>Od osnutka 2012. godine bavimo se pru\u017eanjem vrhunskih IT i multimedijalnih interaktivnih rje\u0161enja koja osvajaju pa\u017enju i stvaraju trajne dojmove. Na\u0161a paleta usluga obuhva\u0107a sve, od inovativnog projektiranja i sistemske integracije do pouzdanog odr\u017eavanja i korisni\u010dke podr\u0161ke. Nudimo i prodaju i najam najnovije opreme te razvoj softverskih rje\u0161enja prilago\u0111enih va\u0161im specifi\u010dnim potrebama. Na\u0161 fokus je&#8230;<\/p>","protected":false},"author":1,"featured_media":0,"parent":0,"menu_order":0,"comment_status":"closed","ping_status":"closed","template":"","meta":{"_acf_changed":false,"inline_featured_image":false,"_kad_post_transparent":"","_kad_post_title":"","_kad_post_layout":"","_kad_post_sidebar_id":"","_kad_post_content_style":"","_kad_post_vertical_padding":"","_kad_post_feature":"","_kad_post_feature_position":"","_kad_post_header":false,"_kad_post_footer":false,"footnotes":""},"class_list":["post-6669","page","type-page","status-publish","hentry"],"acf":[],"_links":{"self":[{"href":"https:\/\/omnivor.hr\/en\/wp-json\/wp\/v2\/pages\/6669","targetHints":{"allow":["GET"]}}],"collection":[{"href":"https:\/\/omnivor.hr\/en\/wp-json\/wp\/v2\/pages"}],"about":[{"href":"https:\/\/omnivor.hr\/en\/wp-json\/wp\/v2\/types\/page"}],"author":[{"embeddable":true,"href":"https:\/\/omnivor.hr\/en\/wp-json\/wp\/v2\/users\/1"}],"replies":[{"embeddable":true,"href":"https:\/\/omnivor.hr\/en\/wp-json\/wp\/v2\/comments?post=6669"}],"version-history":[{"count":6,"href":"https:\/\/omnivor.hr\/en\/wp-json\/wp\/v2\/pages\/6669\/revisions"}],"predecessor-version":[{"id":7504,"href":"https:\/\/omnivor.hr\/en\/wp-json\/wp\/v2\/pages\/6669\/revisions\/7504"}],"wp:attachment":[{"href":"https:\/\/omnivor.hr\/en\/wp-json\/wp\/v2\/media?parent=6669"}],"curies":[{"name":"wp","href":"https:\/\/api.w.org\/{rel}","templated":true}]}}